{"id":15,"date":"2023-10-12T14:50:11","date_gmt":"2023-10-12T17:50:11","guid":{"rendered":"https:\/\/eduardogomesadv.com\/?page_id=15"},"modified":"2025-11-13T16:49:06","modified_gmt":"2025-11-13T19:49:06","slug":"parceiro","status":"publish","type":"page","link":"https:\/\/eduardogomesadv.com\/index.php\/parceiro\/","title":{"rendered":"Parceiros"},"content":{"rendered":"\t\t<div data-elementor-type=\"wp-page\" data-elementor-id=\"15\" class=\"elementor elementor-15\" data-elementor-post-type=\"page\">\n\t\t\t\t<div class=\"elementor-element elementor-element-c2b4b96 e-con-full e-flex e-con e-parent\" data-id=\"c2b4b96\" data-element_type=\"container\" data-e-type=\"container\">\n\t\t<div class=\"elementor-element elementor-element-323fc4e e-flex e-con-boxed e-con e-child\" data-id=\"323fc4e\" data-element_type=\"container\" data-e-type=\"container\">\n\t\t\t\t\t<div class=\"e-con-inner\">\n\t\t\t\t<div class=\"elementor-element elementor-element-71e9c70 elementor-invisible elementor-widget elementor-widget-heading\" data-id=\"71e9c70\" data-element_type=\"widget\" data-e-type=\"widget\" data-settings=\"{&quot;_animation&quot;:&quot;fadeInUp&quot;}\" data-widget_type=\"heading.default\">\n\t\t\t\t<div class=\"elementor-widget-container\">\n\t\t\t\t\t<h5 class=\"elementor-heading-title elementor-size-default\">Parceiro<\/h5>\t\t\t\t<\/div>\n\t\t\t\t<\/div>\n\t\t\t\t<div class=\"elementor-element elementor-element-9e8443b elementor-widget elementor-widget-heading\" data-id=\"9e8443b\" data-element_type=\"widget\" data-e-type=\"widget\" data-widget_type=\"heading.default\">\n\t\t\t\t<div class=\"elementor-widget-container\">\n\t\t\t\t\t<h2 class=\"elementor-heading-title elementor-size-default\">Conhe\u00e7a nossa parceria com o <a style=\"color: #2FAC66\">Impacta<\/a> - Consultoria Empresarial<\/h2>\t\t\t\t<\/div>\n\t\t\t\t<\/div>\n\t\t\t\t<div class=\"elementor-element elementor-element-d1d5927 elementor-widget elementor-widget-text-editor\" data-id=\"d1d5927\" data-element_type=\"widget\" data-e-type=\"widget\" data-widget_type=\"text-editor.default\">\n\t\t\t\t<div class=\"elementor-widget-container\">\n\t\t\t\t\t\t\t\t\t<p>A Impacta Consultoria Empresarial e Per\u00edcias busca trazer intelig\u00eancia de mercado \u00e0s empresas, reestruturando e ou preparando novos neg\u00f3cios, com profissionais de s\u00f3lida experi\u00eancia em cen\u00e1rios empresarial e econ\u00f4mico, <strong>gerando solu\u00e7\u00f5es para mitigar custos empresariais e otimizar gastos dos processos do empreendimento.<\/strong><br \/><br \/><br \/>Fomentada por profissionais com mais de vinte anos no mercado empresarial, al\u00e9m da \u00e1rea consultiva em neg\u00f3cios, possui <strong>s\u00f3lida equipe de peritos econ\u00f4mico-financeiros em Direito C\u00edvel-Empresarial, investigadores em blindagens financeiras a n\u00edvel nacional e internacional, al\u00e9m especialistas em cria\u00e7\u00e3o e administra\u00e7\u00e3o de Recupera\u00e7\u00f5es Judiciais e Massas Falidas pelo territ\u00f3rio nacional.<\/strong><\/p>\t\t\t\t\t\t\t\t<\/div>\n\t\t\t\t<\/div>\n\t\t\t\t\t<\/div>\n\t\t\t\t<\/div>\n\t\t<div class=\"elementor-element elementor-element-564e123 e-flex e-con-boxed e-con e-child\" data-id=\"564e123\" data-element_type=\"container\" data-e-type=\"container\">\n\t\t\t\t\t<div class=\"e-con-inner\">\n\t\t\t\t<div class=\"elementor-element elementor-element-1618612 elementor-widget elementor-widget-image\" data-id=\"1618612\" data-element_type=\"widget\" data-e-type=\"widget\" data-widget_type=\"image.default\">\n\t\t\t\t<div class=\"elementor-widget-container\">\n\t\t\t\t\t\t\t\t\t\t\t\t\t\t\t<img fetchpriority=\"high\" decoding=\"async\" width=\"737\" height=\"286\" src=\"https:\/\/eduardogomesadv.com\/wp-content\/uploads\/2025\/05\/WhatsApp_Image_2025-05-12_at_11.26.16-removebg-preview.png\" class=\"attachment-large size-large wp-image-1279\" alt=\"\" srcset=\"https:\/\/eduardogomesadv.com\/wp-content\/uploads\/2025\/05\/WhatsApp_Image_2025-05-12_at_11.26.16-removebg-preview.png 737w, https:\/\/eduardogomesadv.com\/wp-content\/uploads\/2025\/05\/WhatsApp_Image_2025-05-12_at_11.26.16-removebg-preview-300x116.png 300w\" sizes=\"(max-width: 737px) 100vw, 737px\" \/>\t\t\t\t\t\t\t\t\t\t\t\t\t\t\t<\/div>\n\t\t\t\t<\/div>\n\t\t\t\t<div class=\"elementor-element elementor-element-3fae555 elementor-align-center elementor-icon-list--layout-traditional elementor-list-item-link-full_width elementor-widget elementor-widget-icon-list\" data-id=\"3fae555\" data-element_type=\"widget\" data-e-type=\"widget\" data-widget_type=\"icon-list.default\">\n\t\t\t\t<div class=\"elementor-widget-container\">\n\t\t\t\t\t\t\t<ul class=\"elementor-icon-list-items\">\n\t\t\t\t\t\t\t<li class=\"elementor-icon-list-item\">\n\t\t\t\t\t\t\t\t\t\t\t<a href=\"http:\/\/www.impacta.srv.br\">\n\n\t\t\t\t\t\t\t\t\t\t\t\t<span class=\"elementor-icon-list-icon\">\n\t\t\t\t\t\t\t<svg aria-hidden=\"true\" class=\"e-font-icon-svg e-fas-globe\" viewBox=\"0 0 496 512\" xmlns=\"http:\/\/www.w3.org\/2000\/svg\"><path d=\"M336.5 160C322 70.7 287.8 8 248 8s-74 62.7-88.5 152h177zM152 256c0 22.2 1.2 43.5 3.3 64h185.3c2.1-20.5 3.3-41.8 3.3-64s-1.2-43.5-3.3-64H155.3c-2.1 20.5-3.3 41.8-3.3 64zm324.7-96c-28.6-67.9-86.5-120.4-158-141.6 24.4 33.8 41.2 84.7 50 141.6h108zM177.2 18.4C105.8 39.6 47.8 92.1 19.3 160h108c8.7-56.9 25.5-107.8 49.9-141.6zM487.4 192H372.7c2.1 21 3.3 42.5 3.3 64s-1.2 43-3.3 64h114.6c5.5-20.5 8.6-41.8 8.6-64s-3.1-43.5-8.5-64zM120 256c0-21.5 1.2-43 3.3-64H8.6C3.2 212.5 0 233.8 0 256s3.2 43.5 8.6 64h114.6c-2-21-3.2-42.5-3.2-64zm39.5 96c14.5 89.3 48.7 152 88.5 152s74-62.7 88.5-152h-177zm159.3 141.6c71.4-21.2 129.4-73.7 158-141.6h-108c-8.8 56.9-25.6 107.8-50 141.6zM19.3 352c28.6 67.9 86.5 120.4 158 141.6-24.4-33.8-41.2-84.7-50-141.6h-108z\"><\/path><\/svg>\t\t\t\t\t\t<\/span>\n\t\t\t\t\t\t\t\t\t\t<span class=\"elementor-icon-list-text\">www.impacta.srv.br<\/span>\n\t\t\t\t\t\t\t\t\t\t\t<\/a>\n\t\t\t\t\t\t\t\t\t<\/li>\n\t\t\t\t\t\t\t\t<li class=\"elementor-icon-list-item\">\n\t\t\t\t\t\t\t\t\t\t\t<span class=\"elementor-icon-list-icon\">\n\t\t\t\t\t\t\t<svg aria-hidden=\"true\" class=\"e-font-icon-svg e-far-envelope\" viewBox=\"0 0 512 512\" xmlns=\"http:\/\/www.w3.org\/2000\/svg\"><path d=\"M464 64H48C21.49 64 0 85.49 0 112v288c0 26.51 21.49 48 48 48h416c26.51 0 48-21.49 48-48V112c0-26.51-21.49-48-48-48zm0 48v40.805c-22.422 18.259-58.168 46.651-134.587 106.49-16.841 13.247-50.201 45.072-73.413 44.701-23.208.375-56.579-31.459-73.413-44.701C106.18 199.465 70.425 171.067 48 152.805V112h416zM48 400V214.398c22.914 18.251 55.409 43.862 104.938 82.646 21.857 17.205 60.134 55.186 103.062 54.955 42.717.231 80.509-37.199 103.053-54.947 49.528-38.783 82.032-64.401 104.947-82.653V400H48z\"><\/path><\/svg>\t\t\t\t\t\t<\/span>\n\t\t\t\t\t\t\t\t\t\t<span class=\"elementor-icon-list-text\">contato@impacta.srv.br<\/span>\n\t\t\t\t\t\t\t\t\t<\/li>\n\t\t\t\t\t\t\t\t<li class=\"elementor-icon-list-item\">\n\t\t\t\t\t\t\t\t\t\t\t<a href=\"https:\/\/www.instagram.com\/impacta_consultoria\/\">\n\n\t\t\t\t\t\t\t\t\t\t\t\t<span class=\"elementor-icon-list-icon\">\n\t\t\t\t\t\t\t<svg aria-hidden=\"true\" class=\"e-font-icon-svg e-fab-instagram\" viewBox=\"0 0 448 512\" xmlns=\"http:\/\/www.w3.org\/2000\/svg\"><path d=\"M224.1 141c-63.6 0-114.9 51.3-114.9 114.9s51.3 114.9 114.9 114.9S339 319.5 339 255.9 287.7 141 224.1 141zm0 189.6c-41.1 0-74.7-33.5-74.7-74.7s33.5-74.7 74.7-74.7 74.7 33.5 74.7 74.7-33.6 74.7-74.7 74.7zm146.4-194.3c0 14.9-12 26.8-26.8 26.8-14.9 0-26.8-12-26.8-26.8s12-26.8 26.8-26.8 26.8 12 26.8 26.8zm76.1 27.2c-1.7-35.9-9.9-67.7-36.2-93.9-26.2-26.2-58-34.4-93.9-36.2-37-2.1-147.9-2.1-184.9 0-35.8 1.7-67.6 9.9-93.9 36.1s-34.4 58-36.2 93.9c-2.1 37-2.1 147.9 0 184.9 1.7 35.9 9.9 67.7 36.2 93.9s58 34.4 93.9 36.2c37 2.1 147.9 2.1 184.9 0 35.9-1.7 67.7-9.9 93.9-36.2 26.2-26.2 34.4-58 36.2-93.9 2.1-37 2.1-147.8 0-184.8zM398.8 388c-7.8 19.6-22.9 34.7-42.6 42.6-29.5 11.7-99.5 9-132.1 9s-102.7 2.6-132.1-9c-19.6-7.8-34.7-22.9-42.6-42.6-11.7-29.5-9-99.5-9-132.1s-2.6-102.7 9-132.1c7.8-19.6 22.9-34.7 42.6-42.6 29.5-11.7 99.5-9 132.1-9s102.7-2.6 132.1 9c19.6 7.8 34.7 22.9 42.6 42.6 11.7 29.5 9 99.5 9 132.1s2.7 102.7-9 132.1z\"><\/path><\/svg>\t\t\t\t\t\t<\/span>\n\t\t\t\t\t\t\t\t\t\t<span class=\"elementor-icon-list-text\">@impacta_consultoria<\/span>\n\t\t\t\t\t\t\t\t\t\t\t<\/a>\n\t\t\t\t\t\t\t\t\t<\/li>\n\t\t\t\t\t\t<\/ul>\n\t\t\t\t\t\t<\/div>\n\t\t\t\t<\/div>\n\t\t\t\t\t<\/div>\n\t\t\t\t<\/div>\n\t\t\t\t<\/div>\n\t\t<div class=\"elementor-element elementor-element-8ce16ad e-flex e-con-boxed e-con e-parent\" data-id=\"8ce16ad\" data-element_type=\"container\" data-e-type=\"container\" data-settings=\"{&quot;background_background&quot;:&quot;classic&quot;}\">\n\t\t\t\t\t<div class=\"e-con-inner\">\n\t\t\t\t<div class=\"elementor-element elementor-element-797f43c elementor-invisible elementor-widget elementor-widget-heading\" data-id=\"797f43c\" data-element_type=\"widget\" data-e-type=\"widget\" data-settings=\"{&quot;_animation&quot;:&quot;fadeInUp&quot;}\" data-widget_type=\"heading.default\">\n\t\t\t\t<div class=\"elementor-widget-container\">\n\t\t\t\t\t<h5 class=\"elementor-heading-title elementor-size-default\">Vamos conversar<\/h5>\t\t\t\t<\/div>\n\t\t\t\t<\/div>\n\t\t\t\t<div class=\"elementor-element elementor-element-0c79d1f elementor-widget elementor-widget-heading\" data-id=\"0c79d1f\" data-element_type=\"widget\" data-e-type=\"widget\" data-widget_type=\"heading.default\">\n\t\t\t\t<div class=\"elementor-widget-container\">\n\t\t\t\t\t<h2 class=\"elementor-heading-title elementor-size-default\">Como podemos ajudar voc\u00ea?<\/h2>\t\t\t\t<\/div>\n\t\t\t\t<\/div>\n\t\t\t\t<div class=\"elementor-element elementor-element-136b34c elementor-widget elementor-widget-text-editor\" data-id=\"136b34c\" data-element_type=\"widget\" data-e-type=\"widget\" data-widget_type=\"text-editor.default\">\n\t\t\t\t<div class=\"elementor-widget-container\">\n\t\t\t\t\t\t\t\t\t<p>Agende uma consulta gratuita com nossa equipe e vamos fazer as coisas acontecerem!<\/p>\t\t\t\t\t\t\t\t<\/div>\n\t\t\t\t<\/div>\n\t\t\t\t<div class=\"elementor-element elementor-element-7a85fec elementor-mobile-align-justify elementor-align-center elementor-widget elementor-widget-button\" data-id=\"7a85fec\" data-element_type=\"widget\" data-e-type=\"widget\" data-widget_type=\"button.default\">\n\t\t\t\t<div class=\"elementor-widget-container\">\n\t\t\t\t\t\t\t\t\t<div class=\"elementor-button-wrapper\">\n\t\t\t\t\t<a class=\"elementor-button elementor-button-link elementor-size-lg elementor-animation-float\" href=\"https:\/\/eduardogomesadv.com\/index.php\/contato\/\">\n\t\t\t\t\t\t<span class=\"elementor-button-content-wrapper\">\n\t\t\t\t\t\t\t\t\t<span class=\"elementor-button-text\">Fale com a gente<\/span>\n\t\t\t\t\t<\/span>\n\t\t\t\t\t<\/a>\n\t\t\t\t<\/div>\n\t\t\t\t\t\t\t\t<\/div>\n\t\t\t\t<\/div>\n\t\t\t\t\t<\/div>\n\t\t\t\t<\/div>\n\t\t\t\t<\/div>\n\t\t","protected":false},"excerpt":{"rendered":"<p>Parceiro Conhe\u00e7a nossa parceria com o Impacta &#8211; Consultoria Empresarial A Impacta Consultoria Empresarial e Per\u00edcias busca trazer intelig\u00eancia de mercado \u00e0s empresas, reestruturando e ou preparando novos neg\u00f3cios, com profissionais de s\u00f3lida experi\u00eancia em cen\u00e1rios empresarial e econ\u00f4mico, gerando solu\u00e7\u00f5es para mitigar custos empresariais e otimizar gastos dos processos do empreendimento. Fomentada por profissionais [&hellip;]<\/p>\n","protected":false},"author":1,"featured_media":0,"parent":0,"menu_order":0,"comment_status":"closed","ping_status":"closed","template":"elementor_header_footer","meta":{"footnotes":""},"class_list":["post-15","page","type-page","status-publish","hentry"],"yoast_head":"<!-- This site is optimized with the Yoast SEO plugin v27.2 - https:\/\/yoast.com\/product\/yoast-seo-wordpress\/ -->\n<title>Conhe\u00e7a nosso parceiro | Eduardo Gomes<\/title>\n<meta name=\"description\" content=\"Conhe\u00e7a nossa parceria com o Studio Family Bussiness. A \u00fanica consultoria no Brasil com um time que integra diversos especialistas.\" \/>\n<meta name=\"robots\" content=\"index, follow, max-snippet:-1, max-image-preview:large, max-video-preview:-1\" \/>\n<link rel=\"canonical\" href=\"https:\/\/eduardogomesadv.com\/index.php\/parceiro\/\" \/>\n<meta property=\"og:locale\" content=\"en_US\" \/>\n<meta property=\"og:type\" content=\"article\" \/>\n<meta property=\"og:title\" content=\"Conhe\u00e7a nosso parceiro | Eduardo Gomes\" \/>\n<meta property=\"og:description\" content=\"Conhe\u00e7a nossa parceria com o Studio Family Bussiness. A \u00fanica consultoria no Brasil com um time que integra diversos especialistas.\" \/>\n<meta property=\"og:url\" content=\"https:\/\/eduardogomesadv.com\/index.php\/parceiro\/\" \/>\n<meta property=\"og:site_name\" content=\"Eduardo Gomes\" \/>\n<meta property=\"article:modified_time\" content=\"2025-11-13T19:49:06+00:00\" \/>\n<meta property=\"og:image\" content=\"http:\/\/eduardogomesadv.com\/wp-content\/uploads\/2025\/05\/WhatsApp_Image_2025-05-12_at_11.26.16-removebg-preview.png\" \/>\n<meta name=\"twitter:card\" content=\"summary_large_image\" \/>\n<meta name=\"twitter:label1\" content=\"Est. reading time\" \/>\n\t<meta name=\"twitter:data1\" content=\"2 minutes\" \/>\n<script type=\"application\/ld+json\" class=\"yoast-schema-graph\">{\"@context\":\"https:\/\/schema.org\",\"@graph\":[{\"@type\":\"WebPage\",\"@id\":\"https:\/\/eduardogomesadv.com\/index.php\/parceiro\/\",\"url\":\"https:\/\/eduardogomesadv.com\/index.php\/parceiro\/\",\"name\":\"Conhe\u00e7a nosso parceiro | Eduardo Gomes\",\"isPartOf\":{\"@id\":\"https:\/\/eduardogomesadv.com\/#website\"},\"primaryImageOfPage\":{\"@id\":\"https:\/\/eduardogomesadv.com\/index.php\/parceiro\/#primaryimage\"},\"image\":{\"@id\":\"https:\/\/eduardogomesadv.com\/index.php\/parceiro\/#primaryimage\"},\"thumbnailUrl\":\"http:\/\/eduardogomesadv.com\/wp-content\/uploads\/2025\/05\/WhatsApp_Image_2025-05-12_at_11.26.16-removebg-preview.png\",\"datePublished\":\"2023-10-12T17:50:11+00:00\",\"dateModified\":\"2025-11-13T19:49:06+00:00\",\"description\":\"Conhe\u00e7a nossa parceria com o Studio Family Bussiness. A \u00fanica consultoria no Brasil com um time que integra diversos especialistas.\",\"breadcrumb\":{\"@id\":\"https:\/\/eduardogomesadv.com\/index.php\/parceiro\/#breadcrumb\"},\"inLanguage\":\"en-US\",\"potentialAction\":[{\"@type\":\"ReadAction\",\"target\":[\"https:\/\/eduardogomesadv.com\/index.php\/parceiro\/\"]}]},{\"@type\":\"ImageObject\",\"inLanguage\":\"en-US\",\"@id\":\"https:\/\/eduardogomesadv.com\/index.php\/parceiro\/#primaryimage\",\"url\":\"http:\/\/eduardogomesadv.com\/wp-content\/uploads\/2025\/05\/WhatsApp_Image_2025-05-12_at_11.26.16-removebg-preview.png\",\"contentUrl\":\"http:\/\/eduardogomesadv.com\/wp-content\/uploads\/2025\/05\/WhatsApp_Image_2025-05-12_at_11.26.16-removebg-preview.png\"},{\"@type\":\"BreadcrumbList\",\"@id\":\"https:\/\/eduardogomesadv.com\/index.php\/parceiro\/#breadcrumb\",\"itemListElement\":[{\"@type\":\"ListItem\",\"position\":1,\"name\":\"In\u00edcio\",\"item\":\"https:\/\/eduardogomesadv.com\/\"},{\"@type\":\"ListItem\",\"position\":2,\"name\":\"Parceiros\"}]},{\"@type\":\"WebSite\",\"@id\":\"https:\/\/eduardogomesadv.com\/#website\",\"url\":\"https:\/\/eduardogomesadv.com\/\",\"name\":\"Eduardo Gomes\",\"description\":\"Advogados Associados\",\"publisher\":{\"@id\":\"https:\/\/eduardogomesadv.com\/#organization\"},\"potentialAction\":[{\"@type\":\"SearchAction\",\"target\":{\"@type\":\"EntryPoint\",\"urlTemplate\":\"https:\/\/eduardogomesadv.com\/?s={search_term_string}\"},\"query-input\":{\"@type\":\"PropertyValueSpecification\",\"valueRequired\":true,\"valueName\":\"search_term_string\"}}],\"inLanguage\":\"en-US\"},{\"@type\":\"Organization\",\"@id\":\"https:\/\/eduardogomesadv.com\/#organization\",\"name\":\"Eduardo Gomes Advogados Associados\",\"url\":\"https:\/\/eduardogomesadv.com\/\",\"logo\":{\"@type\":\"ImageObject\",\"inLanguage\":\"en-US\",\"@id\":\"https:\/\/eduardogomesadv.com\/#\/schema\/logo\/image\/\",\"url\":\"https:\/\/eduardogomesadv.com\/wp-content\/uploads\/2023\/10\/eduardo-gomes-logo-horizontal.svg\",\"contentUrl\":\"https:\/\/eduardogomesadv.com\/wp-content\/uploads\/2023\/10\/eduardo-gomes-logo-horizontal.svg\",\"width\":585,\"height\":141,\"caption\":\"Eduardo Gomes Advogados Associados\"},\"image\":{\"@id\":\"https:\/\/eduardogomesadv.com\/#\/schema\/logo\/image\/\"}}]}<\/script>\n<!-- \/ Yoast SEO plugin. -->","yoast_head_json":{"title":"Conhe\u00e7a nosso parceiro | Eduardo Gomes","description":"Conhe\u00e7a nossa parceria com o Studio Family Bussiness. A \u00fanica consultoria no Brasil com um time que integra diversos especialistas.","robots":{"index":"index","follow":"follow","max-snippet":"max-snippet:-1","max-image-preview":"max-image-preview:large","max-video-preview":"max-video-preview:-1"},"canonical":"https:\/\/eduardogomesadv.com\/index.php\/parceiro\/","og_locale":"en_US","og_type":"article","og_title":"Conhe\u00e7a nosso parceiro | Eduardo Gomes","og_description":"Conhe\u00e7a nossa parceria com o Studio Family Bussiness. A \u00fanica consultoria no Brasil com um time que integra diversos especialistas.","og_url":"https:\/\/eduardogomesadv.com\/index.php\/parceiro\/","og_site_name":"Eduardo Gomes","article_modified_time":"2025-11-13T19:49:06+00:00","og_image":[{"url":"http:\/\/eduardogomesadv.com\/wp-content\/uploads\/2025\/05\/WhatsApp_Image_2025-05-12_at_11.26.16-removebg-preview.png","type":"","width":"","height":""}],"twitter_card":"summary_large_image","twitter_misc":{"Est. reading time":"2 minutes"},"schema":{"@context":"https:\/\/schema.org","@graph":[{"@type":"WebPage","@id":"https:\/\/eduardogomesadv.com\/index.php\/parceiro\/","url":"https:\/\/eduardogomesadv.com\/index.php\/parceiro\/","name":"Conhe\u00e7a nosso parceiro | Eduardo Gomes","isPartOf":{"@id":"https:\/\/eduardogomesadv.com\/#website"},"primaryImageOfPage":{"@id":"https:\/\/eduardogomesadv.com\/index.php\/parceiro\/#primaryimage"},"image":{"@id":"https:\/\/eduardogomesadv.com\/index.php\/parceiro\/#primaryimage"},"thumbnailUrl":"http:\/\/eduardogomesadv.com\/wp-content\/uploads\/2025\/05\/WhatsApp_Image_2025-05-12_at_11.26.16-removebg-preview.png","datePublished":"2023-10-12T17:50:11+00:00","dateModified":"2025-11-13T19:49:06+00:00","description":"Conhe\u00e7a nossa parceria com o Studio Family Bussiness. A \u00fanica consultoria no Brasil com um time que integra diversos especialistas.","breadcrumb":{"@id":"https:\/\/eduardogomesadv.com\/index.php\/parceiro\/#breadcrumb"},"inLanguage":"en-US","potentialAction":[{"@type":"ReadAction","target":["https:\/\/eduardogomesadv.com\/index.php\/parceiro\/"]}]},{"@type":"ImageObject","inLanguage":"en-US","@id":"https:\/\/eduardogomesadv.com\/index.php\/parceiro\/#primaryimage","url":"http:\/\/eduardogomesadv.com\/wp-content\/uploads\/2025\/05\/WhatsApp_Image_2025-05-12_at_11.26.16-removebg-preview.png","contentUrl":"http:\/\/eduardogomesadv.com\/wp-content\/uploads\/2025\/05\/WhatsApp_Image_2025-05-12_at_11.26.16-removebg-preview.png"},{"@type":"BreadcrumbList","@id":"https:\/\/eduardogomesadv.com\/index.php\/parceiro\/#breadcrumb","itemListElement":[{"@type":"ListItem","position":1,"name":"In\u00edcio","item":"https:\/\/eduardogomesadv.com\/"},{"@type":"ListItem","position":2,"name":"Parceiros"}]},{"@type":"WebSite","@id":"https:\/\/eduardogomesadv.com\/#website","url":"https:\/\/eduardogomesadv.com\/","name":"Eduardo Gomes","description":"Advogados Associados","publisher":{"@id":"https:\/\/eduardogomesadv.com\/#organization"},"potentialAction":[{"@type":"SearchAction","target":{"@type":"EntryPoint","urlTemplate":"https:\/\/eduardogomesadv.com\/?s={search_term_string}"},"query-input":{"@type":"PropertyValueSpecification","valueRequired":true,"valueName":"search_term_string"}}],"inLanguage":"en-US"},{"@type":"Organization","@id":"https:\/\/eduardogomesadv.com\/#organization","name":"Eduardo Gomes Advogados Associados","url":"https:\/\/eduardogomesadv.com\/","logo":{"@type":"ImageObject","inLanguage":"en-US","@id":"https:\/\/eduardogomesadv.com\/#\/schema\/logo\/image\/","url":"https:\/\/eduardogomesadv.com\/wp-content\/uploads\/2023\/10\/eduardo-gomes-logo-horizontal.svg","contentUrl":"https:\/\/eduardogomesadv.com\/wp-content\/uploads\/2023\/10\/eduardo-gomes-logo-horizontal.svg","width":585,"height":141,"caption":"Eduardo Gomes Advogados Associados"},"image":{"@id":"https:\/\/eduardogomesadv.com\/#\/schema\/logo\/image\/"}}]}},"_links":{"self":[{"href":"https:\/\/eduardogomesadv.com\/index.php\/wp-json\/wp\/v2\/pages\/15","targetHints":{"allow":["GET"]}}],"collection":[{"href":"https:\/\/eduardogomesadv.com\/index.php\/wp-json\/wp\/v2\/pages"}],"about":[{"href":"https:\/\/eduardogomesadv.com\/index.php\/wp-json\/wp\/v2\/types\/page"}],"author":[{"embeddable":true,"href":"https:\/\/eduardogomesadv.com\/index.php\/wp-json\/wp\/v2\/users\/1"}],"replies":[{"embeddable":true,"href":"https:\/\/eduardogomesadv.com\/index.php\/wp-json\/wp\/v2\/comments?post=15"}],"version-history":[{"count":45,"href":"https:\/\/eduardogomesadv.com\/index.php\/wp-json\/wp\/v2\/pages\/15\/revisions"}],"predecessor-version":[{"id":1343,"href":"https:\/\/eduardogomesadv.com\/index.php\/wp-json\/wp\/v2\/pages\/15\/revisions\/1343"}],"wp:attachment":[{"href":"https:\/\/eduardogomesadv.com\/index.php\/wp-json\/wp\/v2\/media?parent=15"}],"curies":[{"name":"wp","href":"https:\/\/api.w.org\/{rel}","templated":true}]}}